{"id":699,"date":"2023-11-01T23:12:22","date_gmt":"2023-11-01T23:12:22","guid":{"rendered":"https:\/\/academy.invisual.pt\/?page_id=119"},"modified":"2024-01-29T10:09:46","modified_gmt":"2024-01-29T10:09:46","slug":"electronica-e-automacao","status":"publish","type":"page","link":"https:\/\/cursos.meivcoreacademy.com\/index.php\/electronica-e-automacao\/","title":{"rendered":"Electr\u00f3nica e Automa\u00e7\u00e3o"},"content":{"rendered":"<p class=\"txt\">A forma\u00e7\u00e3o na \u00e1rea Eletr\u00f3nica e Automa\u00e7\u00e3o (523) enquadra os programas de forma\u00e7\u00e3o em eletr\u00f3nica e automa\u00e7\u00e3o que dizem respeito \u00e0 planifica\u00e7\u00e3o, concep\u00e7\u00e3o, desenvolvimento,manuten\u00e7\u00e3o e controlo de equipamentos, maquinaria e sistemas eletr\u00f3nicos, incluindo a concep\u00e7\u00e3o de computadores e de equipamentos de comunica\u00e7\u00e3o.<\/p>\n<p class=\"txt2\">Dom\u00f3tica, Eletr\u00f3nica da Radiodifus\u00e3o, Engenharia de controlo Eletr\u00f3nico, Engenharia Eletr\u00f3nica, Engenharia Inform\u00e1tica, Instala\u00e7\u00e3o e Manuten\u00e7\u00e3o de Equipamentos de Comunica\u00e7\u00e3o, Manuten\u00e7\u00e3o e Repara\u00e7\u00e3o de aparelhos eletr\u00f3nicos, Repara\u00e7\u00e3o de aparelhos de R\u00e1dio e Televis\u00e3o, Repara\u00e7\u00e3o de Computadores, Rob\u00f3tica, Sistemas de Comunica\u00e7\u00e3o, Tecnologia de Redes, Tecnologia de Telecomunica\u00e7\u00f5es e Tecnologia Digital.<\/p>\n","protected":false},"excerpt":{"rendered":"<p>A forma\u00e7\u00e3o na \u00e1rea Eletr\u00f3nica e Automa\u00e7\u00e3o (523) enquadra os programas de forma\u00e7\u00e3o em eletr\u00f3nica e automa\u00e7\u00e3o que dizem respeito \u00e0 planifica\u00e7\u00e3o, concep\u00e7\u00e3o, desenvolvimento,manuten\u00e7\u00e3o e controlo de equipamentos, maquinaria e sistemas eletr\u00f3nicos, incluindo a concep\u00e7\u00e3o de computadores e de equipamentos de comunica\u00e7\u00e3o. Dom\u00f3tica, Eletr\u00f3nica da Radiodifus\u00e3o, Engenharia de controlo Eletr\u00f3nico, Engenharia Eletr\u00f3nica, Engenharia Inform\u00e1tica, Instala\u00e7\u00e3o [&hellip;]<\/p>\n","protected":false},"author":1,"featured_media":736,"parent":0,"menu_order":0,"comment_status":"closed","ping_status":"closed","template":"","meta":{"footnotes":""},"class_list":["post-699","page","type-page","status-publish","has-post-thumbnail","hentry"],"_links":{"self":[{"href":"https:\/\/cursos.meivcoreacademy.com\/index.php\/wp-json\/wp\/v2\/pages\/699","targetHints":{"allow":["GET"]}}],"collection":[{"href":"https:\/\/cursos.meivcoreacademy.com\/index.php\/wp-json\/wp\/v2\/pages"}],"about":[{"href":"https:\/\/cursos.meivcoreacademy.com\/index.php\/wp-json\/wp\/v2\/types\/page"}],"author":[{"embeddable":true,"href":"https:\/\/cursos.meivcoreacademy.com\/index.php\/wp-json\/wp\/v2\/users\/1"}],"replies":[{"embeddable":true,"href":"https:\/\/cursos.meivcoreacademy.com\/index.php\/wp-json\/wp\/v2\/comments?post=699"}],"version-history":[{"count":1,"href":"https:\/\/cursos.meivcoreacademy.com\/index.php\/wp-json\/wp\/v2\/pages\/699\/revisions"}],"predecessor-version":[{"id":738,"href":"https:\/\/cursos.meivcoreacademy.com\/index.php\/wp-json\/wp\/v2\/pages\/699\/revisions\/738"}],"wp:featuredmedia":[{"embeddable":true,"href":"https:\/\/cursos.meivcoreacademy.com\/index.php\/wp-json\/wp\/v2\/media\/736"}],"wp:attachment":[{"href":"https:\/\/cursos.meivcoreacademy.com\/index.php\/wp-json\/wp\/v2\/media?parent=699"}],"curies":[{"name":"wp","href":"https:\/\/api.w.org\/{rel}","templated":true}]}}