{"id":695,"date":"2023-11-01T23:11:43","date_gmt":"2023-11-01T23:11:43","guid":{"rendered":"https:\/\/academy.invisual.pt\/?page_id=113"},"modified":"2024-01-29T12:06:32","modified_gmt":"2024-01-29T12:06:32","slug":"eletricidade-e-energia","status":"publish","type":"page","link":"https:\/\/cursos.meivcoreacademy.com\/index.php\/eletricidade-e-energia\/","title":{"rendered":"Eletricidade e Energia"},"content":{"rendered":"<p class=\"txt\">A forma\u00e7\u00e3o na \u00e1rea Eletricidade e Energia (522) enquadra programas de forma\u00e7\u00e3o em eletricidade que dizem respeito \u00e0 instala\u00e7\u00e3o, manuten\u00e7\u00e3o, repara\u00e7\u00e3o e diagn\u00f3stico dos problemas t\u00e9cnicos das liga\u00e7\u00f5es el\u00e9tricas e de outros equipamentos el\u00e9tricos nas habita\u00e7\u00f5es e instala\u00e7\u00f5es de empresas.<\/p>\n<p class=\"txt2\">Climatiza\u00e7\u00e3o, Distribui\u00e7\u00e3o de g\u00e1s, Eletricidade, Eletrot\u00e9cnica, Energia, Energia Nuclear, Hidr\u00e1ulica e T\u00e9rmica, Engenharia da Climatiza\u00e7\u00e3o, Engenharia Eletrot\u00e9cnica, Instala\u00e7\u00e3o e manuten\u00e7\u00e3o de Redes de Distribui\u00e7\u00e3o de Energia, Refrigera\u00e7\u00e3o e Repara\u00e7\u00e3o de Equipamentos El\u00e9tricos.<\/p>\n","protected":false},"excerpt":{"rendered":"<p>A forma\u00e7\u00e3o na \u00e1rea Eletricidade e Energia (522) enquadra programas de forma\u00e7\u00e3o em eletricidade que dizem respeito \u00e0 instala\u00e7\u00e3o, manuten\u00e7\u00e3o, repara\u00e7\u00e3o e diagn\u00f3stico dos problemas t\u00e9cnicos das liga\u00e7\u00f5es el\u00e9tricas e de outros equipamentos el\u00e9tricos nas habita\u00e7\u00f5es e instala\u00e7\u00f5es de empresas. Climatiza\u00e7\u00e3o, Distribui\u00e7\u00e3o de g\u00e1s, Eletricidade, Eletrot\u00e9cnica, Energia, Energia Nuclear, Hidr\u00e1ulica e T\u00e9rmica, Engenharia da Climatiza\u00e7\u00e3o, [&hellip;]<\/p>\n","protected":false},"author":1,"featured_media":739,"parent":0,"menu_order":0,"comment_status":"closed","ping_status":"closed","template":"","meta":{"footnotes":""},"class_list":["post-695","page","type-page","status-publish","has-post-thumbnail","hentry"],"_links":{"self":[{"href":"https:\/\/cursos.meivcoreacademy.com\/index.php\/wp-json\/wp\/v2\/pages\/695","targetHints":{"allow":["GET"]}}],"collection":[{"href":"https:\/\/cursos.meivcoreacademy.com\/index.php\/wp-json\/wp\/v2\/pages"}],"about":[{"href":"https:\/\/cursos.meivcoreacademy.com\/index.php\/wp-json\/wp\/v2\/types\/page"}],"author":[{"embeddable":true,"href":"https:\/\/cursos.meivcoreacademy.com\/index.php\/wp-json\/wp\/v2\/users\/1"}],"replies":[{"embeddable":true,"href":"https:\/\/cursos.meivcoreacademy.com\/index.php\/wp-json\/wp\/v2\/comments?post=695"}],"version-history":[{"count":1,"href":"https:\/\/cursos.meivcoreacademy.com\/index.php\/wp-json\/wp\/v2\/pages\/695\/revisions"}],"predecessor-version":[{"id":741,"href":"https:\/\/cursos.meivcoreacademy.com\/index.php\/wp-json\/wp\/v2\/pages\/695\/revisions\/741"}],"wp:featuredmedia":[{"embeddable":true,"href":"https:\/\/cursos.meivcoreacademy.com\/index.php\/wp-json\/wp\/v2\/media\/739"}],"wp:attachment":[{"href":"https:\/\/cursos.meivcoreacademy.com\/index.php\/wp-json\/wp\/v2\/media?parent=695"}],"curies":[{"name":"wp","href":"https:\/\/api.w.org\/{rel}","templated":true}]}}