{"id":658,"date":"2023-11-01T22:13:24","date_gmt":"2023-11-01T22:13:24","guid":{"rendered":"https:\/\/academy.invisual.pt\/?page_id=98"},"modified":"2024-01-29T10:10:29","modified_gmt":"2024-01-29T10:10:29","slug":"seguranca-e-higiene-no-trabalho","status":"publish","type":"page","link":"https:\/\/cursos.meivcoreacademy.com\/index.php\/seguranca-e-higiene-no-trabalho\/","title":{"rendered":"Seguran\u00e7a e Higiene no Trabalho"},"content":{"rendered":"<p class=\"txt\">A forma\u00e7\u00e3o na \u00e1rea Seguran\u00e7a e Higiene no Trabalho (862) diz respeito \u00e0 identifica\u00e7\u00e3o, avalia\u00e7\u00e3o e controlo dos fatores que t\u00eam influ\u00eancia sobre o ambiente profissional. Os cursos da Meivcore Academy foram projetados para equipar profissionais com as habilidades necess\u00e1rias para criar ambientes de trabalho seguros e saud\u00e1veis.<\/p>\n<p class=\"txt2\">Ambiente de Trabalho, Ergonomia, Higiene no Trabalho, Prote\u00e7\u00e3o no Trabalho, Seguran\u00e7a Industrial, Seguran\u00e7a no Local de Trabalho e Seguran\u00e7a no Trabalho e Stress.<\/p>\n","protected":false},"excerpt":{"rendered":"<p>A forma\u00e7\u00e3o na \u00e1rea Seguran\u00e7a e Higiene no Trabalho (862) diz respeito \u00e0 identifica\u00e7\u00e3o, avalia\u00e7\u00e3o e controlo dos fatores que t\u00eam influ\u00eancia sobre o ambiente profissional. Os cursos da Meivcore Academy foram projetados para equipar profissionais com as habilidades necess\u00e1rias para criar ambientes de trabalho seguros e saud\u00e1veis. Ambiente de Trabalho, Ergonomia, Higiene no Trabalho, [&hellip;]<\/p>\n","protected":false},"author":1,"featured_media":745,"parent":0,"menu_order":0,"comment_status":"closed","ping_status":"closed","template":"","meta":{"footnotes":""},"class_list":["post-658","page","type-page","status-publish","has-post-thumbnail","hentry"],"_links":{"self":[{"href":"https:\/\/cursos.meivcoreacademy.com\/index.php\/wp-json\/wp\/v2\/pages\/658","targetHints":{"allow":["GET"]}}],"collection":[{"href":"https:\/\/cursos.meivcoreacademy.com\/index.php\/wp-json\/wp\/v2\/pages"}],"about":[{"href":"https:\/\/cursos.meivcoreacademy.com\/index.php\/wp-json\/wp\/v2\/types\/page"}],"author":[{"embeddable":true,"href":"https:\/\/cursos.meivcoreacademy.com\/index.php\/wp-json\/wp\/v2\/users\/1"}],"replies":[{"embeddable":true,"href":"https:\/\/cursos.meivcoreacademy.com\/index.php\/wp-json\/wp\/v2\/comments?post=658"}],"version-history":[{"count":1,"href":"https:\/\/cursos.meivcoreacademy.com\/index.php\/wp-json\/wp\/v2\/pages\/658\/revisions"}],"predecessor-version":[{"id":747,"href":"https:\/\/cursos.meivcoreacademy.com\/index.php\/wp-json\/wp\/v2\/pages\/658\/revisions\/747"}],"wp:featuredmedia":[{"embeddable":true,"href":"https:\/\/cursos.meivcoreacademy.com\/index.php\/wp-json\/wp\/v2\/media\/745"}],"wp:attachment":[{"href":"https:\/\/cursos.meivcoreacademy.com\/index.php\/wp-json\/wp\/v2\/media?parent=658"}],"curies":[{"name":"wp","href":"https:\/\/api.w.org\/{rel}","templated":true}]}}